{"id":410,"date":"2026-04-11T18:39:51","date_gmt":"2026-04-11T18:39:51","guid":{"rendered":"https:\/\/propiedadesvivanco.cl\/?page_id=410"},"modified":"2026-04-11T21:24:37","modified_gmt":"2026-04-11T21:24:37","slug":"modulares-cim-aira","status":"publish","type":"page","link":"https:\/\/propiedadesvivanco.cl\/index.php\/modulares-cim-aira\/","title":{"rendered":"Modulares CIM AIRA"},"content":{"rendered":"\t\t<div data-elementor-type=\"wp-page\" data-elementor-id=\"410\" class=\"elementor elementor-410\">\n\t\t\t\t<div class=\"elementor-element elementor-element-286f3d2 e-flex e-con-boxed e-con e-parent\" data-id=\"286f3d2\" data-element_type=\"container\" data-e-type=\"container\">\n\t\t\t\t\t<div class=\"e-con-inner\">\n\t\t\t\t<div class=\"elementor-element elementor-element-74bcf44 elementor-widget elementor-widget-heading\" data-id=\"74bcf44\" data-element_type=\"widget\" data-e-type=\"widget\" data-widget_type=\"heading.default\">\n\t\t\t\t\t<h2 class=\"elementor-heading-title elementor-size-default\">Modulares CIM AIRA<\/h2>\t\t\t\t<\/div>\n\t\t<div class=\"elementor-element elementor-element-b7fba58 e-grid e-con-full e-con e-child\" data-id=\"b7fba58\" data-element_type=\"container\" data-e-type=\"container\">\n\t\t\t\t<div class=\"elementor-element elementor-element-d55d304 elementor-widget elementor-widget-image\" data-id=\"d55d304\" data-element_type=\"widget\" data-e-type=\"widget\" data-widget_type=\"image.default\">\n\t\t\t\t\t\t\t\t\t\t\t\t\t\t\t<img fetchpriority=\"high\" decoding=\"async\" width=\"843\" height=\"499\" src=\"https:\/\/propiedadesvivanco.cl\/wp-content\/uploads\/2026\/04\/01.png\" class=\"attachment-large size-large wp-image-379\" alt=\"\" srcset=\"https:\/\/propiedadesvivanco.cl\/wp-content\/uploads\/2026\/04\/01.png 909w, https:\/\/propiedadesvivanco.cl\/wp-content\/uploads\/2026\/04\/01-300x178.png 300w, https:\/\/propiedadesvivanco.cl\/wp-content\/uploads\/2026\/04\/01-768x455.png 768w\" sizes=\"(max-width: 843px) 100vw, 843px\" \/>\t\t\t\t\t\t\t\t\t\t\t\t\t\t\t<\/div>\n\t\t\t\t<div class=\"elementor-element elementor-element-87501e8 elementor-widget elementor-widget-text-editor\" data-id=\"87501e8\" data-element_type=\"widget\" data-e-type=\"widget\" data-widget_type=\"text-editor.default\">\n\t\t\t\t\t\t\t\t\t<ul>\n \t<li><strong>AIRA Magall\u00e1nica:<\/strong> 24 m2.<\/li>\n \t<li><strong>AIRA Austral:<\/strong> 25,5 m2.<\/li>\n \t<li><strong>AIRA Atacama:<\/strong> 45 m2.<\/li>\n \t<li><strong>AIRA Patagonia:<\/strong> 67 m2.<\/li>\n \t<li><strong>AIRA Ancud:<\/strong> 67 m2.<\/li>\n \t<li><strong>AIRA Andes:<\/strong> 90 m2.<\/li>\n<\/ul>\n<br><br><em><strong>Descargue el pdf a continuaci\u00f3n para m\u00e1s informaci\u00f3n:<\/strong><\/em>\t\t\t\t\t\t\t\t<\/div>\n\t\t\t\t<div class=\"elementor-element elementor-element-4a485a9 gallery-spacing-custom elementor-widget elementor-widget-image-gallery\" data-id=\"4a485a9\" data-element_type=\"widget\" data-e-type=\"widget\" data-widget_type=\"image-gallery.default\">\n\t\t\t\t\t\t\t<div class=\"elementor-image-gallery\">\n\t\t\t<div id='gallery-1' class='gallery galleryid-410 gallery-columns-4 gallery-size-thumbnail'><figure class='gallery-item'>\n\t\t\t<div class='gallery-icon landscape'>\n\t\t\t\t<a data-elementor-open-lightbox=\"yes\" data-elementor-lightbox-slideshow=\"4a485a9\" data-elementor-lightbox-title=\"airemaga\" data-e-action-hash=\"#elementor-action%3Aaction%3Dlightbox%26settings%3DeyJpZCI6NDI5LCJ1cmwiOiJodHRwczpcL1wvcHJvcGllZGFkZXN2aXZhbmNvLmNsXC93cC1jb250ZW50XC91cGxvYWRzXC8yMDI2XC8wNFwvYWlyZW1hZ2EtMS5wbmciLCJzbGlkZXNob3ciOiI0YTQ4NWE5In0%3D\" href='https:\/\/propiedadesvivanco.cl\/wp-content\/uploads\/2026\/04\/airemaga-1.png'><img decoding=\"async\" width=\"150\" height=\"150\" src=\"https:\/\/propiedadesvivanco.cl\/wp-content\/uploads\/2026\/04\/airemaga-1-150x150.png\" class=\"attachment-thumbnail size-thumbnail\" alt=\"\" \/><\/a>\n\t\t\t<\/div><\/figure><figure class='gallery-item'>\n\t\t\t<div class='gallery-icon landscape'>\n\t\t\t\t<a data-elementor-open-lightbox=\"yes\" data-elementor-lightbox-slideshow=\"4a485a9\" data-elementor-lightbox-title=\"aireautral\" data-e-action-hash=\"#elementor-action%3Aaction%3Dlightbox%26settings%3DeyJpZCI6NDI4LCJ1cmwiOiJodHRwczpcL1wvcHJvcGllZGFkZXN2aXZhbmNvLmNsXC93cC1jb250ZW50XC91cGxvYWRzXC8yMDI2XC8wNFwvYWlyZWF1dHJhbC5wbmciLCJzbGlkZXNob3ciOiI0YTQ4NWE5In0%3D\" href='https:\/\/propiedadesvivanco.cl\/wp-content\/uploads\/2026\/04\/aireautral.png'><img decoding=\"async\" width=\"150\" height=\"150\" src=\"https:\/\/propiedadesvivanco.cl\/wp-content\/uploads\/2026\/04\/aireautral-150x150.png\" class=\"attachment-thumbnail size-thumbnail\" alt=\"\" \/><\/a>\n\t\t\t<\/div><\/figure><figure class='gallery-item'>\n\t\t\t<div class='gallery-icon landscape'>\n\t\t\t\t<a data-elementor-open-lightbox=\"yes\" data-elementor-lightbox-slideshow=\"4a485a9\" data-elementor-lightbox-title=\"aireatacama\" data-e-action-hash=\"#elementor-action%3Aaction%3Dlightbox%26settings%3DeyJpZCI6NDI3LCJ1cmwiOiJodHRwczpcL1wvcHJvcGllZGFkZXN2aXZhbmNvLmNsXC93cC1jb250ZW50XC91cGxvYWRzXC8yMDI2XC8wNFwvYWlyZWF0YWNhbWEucG5nIiwic2xpZGVzaG93IjoiNGE0ODVhOSJ9\" href='https:\/\/propiedadesvivanco.cl\/wp-content\/uploads\/2026\/04\/aireatacama.png'><img loading=\"lazy\" decoding=\"async\" width=\"150\" height=\"150\" src=\"https:\/\/propiedadesvivanco.cl\/wp-content\/uploads\/2026\/04\/aireatacama-150x150.png\" class=\"attachment-thumbnail size-thumbnail\" alt=\"\" \/><\/a>\n\t\t\t<\/div><\/figure><figure class='gallery-item'>\n\t\t\t<div class='gallery-icon landscape'>\n\t\t\t\t<a data-elementor-open-lightbox=\"yes\" data-elementor-lightbox-slideshow=\"4a485a9\" data-elementor-lightbox-title=\"airepata\" data-e-action-hash=\"#elementor-action%3Aaction%3Dlightbox%26settings%3DeyJpZCI6NDMwLCJ1cmwiOiJodHRwczpcL1wvcHJvcGllZGFkZXN2aXZhbmNvLmNsXC93cC1jb250ZW50XC91cGxvYWRzXC8yMDI2XC8wNFwvYWlyZXBhdGEucG5nIiwic2xpZGVzaG93IjoiNGE0ODVhOSJ9\" href='https:\/\/propiedadesvivanco.cl\/wp-content\/uploads\/2026\/04\/airepata.png'><img loading=\"lazy\" decoding=\"async\" width=\"150\" height=\"150\" src=\"https:\/\/propiedadesvivanco.cl\/wp-content\/uploads\/2026\/04\/airepata-150x150.png\" class=\"attachment-thumbnail size-thumbnail\" alt=\"\" \/><\/a>\n\t\t\t<\/div><\/figure><figure class='gallery-item'>\n\t\t\t<div class='gallery-icon landscape'>\n\t\t\t\t<a data-elementor-open-lightbox=\"yes\" data-elementor-lightbox-slideshow=\"4a485a9\" data-elementor-lightbox-title=\"aireancud\" data-e-action-hash=\"#elementor-action%3Aaction%3Dlightbox%26settings%3DeyJpZCI6NDI1LCJ1cmwiOiJodHRwczpcL1wvcHJvcGllZGFkZXN2aXZhbmNvLmNsXC93cC1jb250ZW50XC91cGxvYWRzXC8yMDI2XC8wNFwvYWlyZWFuY3VkLnBuZyIsInNsaWRlc2hvdyI6IjRhNDg1YTkifQ%3D%3D\" href='https:\/\/propiedadesvivanco.cl\/wp-content\/uploads\/2026\/04\/aireancud.png'><img loading=\"lazy\" decoding=\"async\" width=\"150\" height=\"150\" src=\"https:\/\/propiedadesvivanco.cl\/wp-content\/uploads\/2026\/04\/aireancud-150x150.png\" class=\"attachment-thumbnail size-thumbnail\" alt=\"\" \/><\/a>\n\t\t\t<\/div><\/figure><figure class='gallery-item'>\n\t\t\t<div class='gallery-icon landscape'>\n\t\t\t\t<a data-elementor-open-lightbox=\"yes\" data-elementor-lightbox-slideshow=\"4a485a9\" data-elementor-lightbox-title=\"aireandes\" data-e-action-hash=\"#elementor-action%3Aaction%3Dlightbox%26settings%3DeyJpZCI6NDI2LCJ1cmwiOiJodHRwczpcL1wvcHJvcGllZGFkZXN2aXZhbmNvLmNsXC93cC1jb250ZW50XC91cGxvYWRzXC8yMDI2XC8wNFwvYWlyZWFuZGVzLnBuZyIsInNsaWRlc2hvdyI6IjRhNDg1YTkifQ%3D%3D\" href='https:\/\/propiedadesvivanco.cl\/wp-content\/uploads\/2026\/04\/aireandes.png'><img loading=\"lazy\" decoding=\"async\" width=\"150\" height=\"150\" src=\"https:\/\/propiedadesvivanco.cl\/wp-content\/uploads\/2026\/04\/aireandes-150x150.png\" class=\"attachment-thumbnail size-thumbnail\" alt=\"\" \/><\/a>\n\t\t\t<\/div><\/figure>\n\t\t<\/div>\n\t\t<\/div>\n\t\t\t\t\t\t<\/div>\n\t\t\t\t<div class=\"elementor-element elementor-element-e97c7d7 elementor-widget elementor-widget-image\" data-id=\"e97c7d7\" data-element_type=\"widget\" data-e-type=\"widget\" data-widget_type=\"image.default\">\n\t\t\t\t\t\t\t\t\t\t\t\t\t\t\t\t<a href=\"https:\/\/propiedadesvivanco.cl\/wp-content\/uploads\/2026\/04\/CIM.final_.pdf\" target=\"_blank\">\n\t\t\t\t\t\t\t<img loading=\"lazy\" decoding=\"async\" width=\"212\" height=\"300\" src=\"https:\/\/propiedadesvivanco.cl\/wp-content\/uploads\/2026\/04\/modular1-212x300.png\" class=\"attachment-medium size-medium wp-image-431\" alt=\"\" srcset=\"https:\/\/propiedadesvivanco.cl\/wp-content\/uploads\/2026\/04\/modular1-212x300.png 212w, https:\/\/propiedadesvivanco.cl\/wp-content\/uploads\/2026\/04\/modular1.png 455w\" sizes=\"(max-width: 212px) 100vw, 212px\" \/>\t\t\t\t\t\t\t\t<\/a>\n\t\t\t\t\t\t\t\t\t\t\t\t\t\t\t<\/div>\n\t\t\t\t<\/div>\n\t\t\t\t\t<\/div>\n\t\t\t\t<\/div>\n\t\t\t\t<\/div>\n\t\t","protected":false},"excerpt":{"rendered":"<p>Modulares CIM AIRA AIRA Magall\u00e1nica: 24 m2. AIRA Austral: 25,5 m2. AIRA Atacama: 45 m2. AIRA Patagonia: 67 m2. AIRA Ancud: 67 m2. AIRA Andes:&hellip;<\/p>\n","protected":false},"author":1,"featured_media":0,"parent":0,"menu_order":0,"comment_status":"closed","ping_status":"closed","template":"","meta":{"_eb_attr":"","footnotes":""},"class_list":["post-410","page","type-page","status-publish","hentry"],"_links":{"self":[{"href":"https:\/\/propiedadesvivanco.cl\/index.php\/wp-json\/wp\/v2\/pages\/410","targetHints":{"allow":["GET"]}}],"collection":[{"href":"https:\/\/propiedadesvivanco.cl\/index.php\/wp-json\/wp\/v2\/pages"}],"about":[{"href":"https:\/\/propiedadesvivanco.cl\/index.php\/wp-json\/wp\/v2\/types\/page"}],"author":[{"embeddable":true,"href":"https:\/\/propiedadesvivanco.cl\/index.php\/wp-json\/wp\/v2\/users\/1"}],"replies":[{"embeddable":true,"href":"https:\/\/propiedadesvivanco.cl\/index.php\/wp-json\/wp\/v2\/comments?post=410"}],"version-history":[{"count":16,"href":"https:\/\/propiedadesvivanco.cl\/index.php\/wp-json\/wp\/v2\/pages\/410\/revisions"}],"predecessor-version":[{"id":471,"href":"https:\/\/propiedadesvivanco.cl\/index.php\/wp-json\/wp\/v2\/pages\/410\/revisions\/471"}],"wp:attachment":[{"href":"https:\/\/propiedadesvivanco.cl\/index.php\/wp-json\/wp\/v2\/media?parent=410"}],"curies":[{"name":"wp","href":"https:\/\/api.w.org\/{rel}","templated":true}]}}